{"id":67,"date":"2021-12-07T23:33:20","date_gmt":"2021-12-07T22:33:20","guid":{"rendered":"http:\/\/citoyens-iroise.bzh\/?page_id=67"},"modified":"2022-05-04T19:36:07","modified_gmt":"2022-05-04T17:36:07","slug":"conseils-communautaires","status":"publish","type":"page","link":"https:\/\/citoyens-iroise.bzh\/?page_id=67","title":{"rendered":"Conseils communautaires"},"content":{"rendered":"\n<h2>PROCHAIN CONSEIL COMMUNAUTAIRE, LE 11 MAI 2022 A 18 H A LANRIVOARE<\/h2>\n\n\n\n<figure class=\"wp-block-image size-large\"><img loading=\"lazy\" width=\"1024\" height=\"528\" src=\"https:\/\/citoyens-iroise.bzh\/wp-content\/uploads\/2022\/05\/IMG_5965-1024x528.jpg\" alt=\"\" class=\"wp-image-471\" srcset=\"https:\/\/citoyens-iroise.bzh\/wp-content\/uploads\/2022\/05\/IMG_5965-1024x528.jpg 1024w, https:\/\/citoyens-iroise.bzh\/wp-content\/uploads\/2022\/05\/IMG_5965-300x155.jpg 300w, https:\/\/citoyens-iroise.bzh\/wp-content\/uploads\/2022\/05\/IMG_5965-768x396.jpg 768w, https:\/\/citoyens-iroise.bzh\/wp-content\/uploads\/2022\/05\/IMG_5965.jpg 1172w\" sizes=\"(max-width: 1024px) 100vw, 1024px\" \/><\/figure>\n\n\n\n<p><strong>Les s\u00e9ances du conseil communautaire sont publiques. Elles \u00e9taient retransmises par vid\u00e9o jusqu&rsquo;au mois de d\u00e9cembre 2021. Le pr\u00e9sident a d\u00e9cid\u00e9 d&rsquo;arr\u00eater cette diffusion sans donner de motif.<\/strong><\/p>\n\n\n\n<p><strong>Voici une pr\u00e9sentation de l&rsquo;ordre du jour de la s\u00e9ance de mercredi prochain.<\/strong><\/p>\n\n\n\n<p>\u279c&nbsp;Tous les conseils communautaires commencent par une pr\u00e9sentation des d\u00e9cisions que prend le bureau communautaire (compos\u00e9 essentiellement des maires) sans demander l&rsquo;avis du conseil.<\/p>\n\n\n\n<p>\u279c&nbsp;Les march\u00e9s qui ont \u00e9t\u00e9 attribu\u00e9s entre deux conseils sont \u00e9galement pr\u00e9sent\u00e9s.<\/p>\n\n\n\n<p>\u279c&nbsp;M Gou\u00e9rec, anciennement maire de Plougonvelin a d\u00e9missionn\u00e9 de ses fonctions d&rsquo;\u00e9lu mi-mars pour se consacrer exclusivement \u00e0 son \u00e9levage de porcs et de bovins.<\/p>\n\n\n\n<p>Il \u00e9tait \u00e9galement vice-pr\u00e9sident en charge de l&rsquo;eau et l&rsquo;assainissement. On commencera donc ce conseil par \u00e9lire le ou la vice-pr\u00e9sident.e en charge de l&rsquo;eau et l&rsquo;assainissement.<\/p>\n\n\n\n<p>Articles des journaux sur sa d\u00e9mission<\/p>\n\n\n\n<p>&#8211;&nbsp;<a href=\"https:\/\/www.ouest-france.fr\/bretagne\/plougonvelin-29217\/plougonvelin-le-maire-bernard-gouerec-demissionne-8bf88f5c-a39e-11ec-a51f-8662b83dde6d\" target=\"_blank\" rel=\"noreferrer noopener\">https:\/\/www.ouest-france.fr\/bretagne\/plougonvelin-29217\/plougonvelin-le-maire-bernard-gouerec-demissionne-8bf88f5c-a39e-11ec-a51f-8662b83dde6d<\/a><\/p>\n\n\n\n<p>&#8211;&nbsp;<a href=\"https:\/\/www.letelegramme.fr\/finistere\/plougonvelin\/info-le-telegramme-ras-le-bol-le-maire-de-plougonvelin-demissionne-14-03-2022-12944397.php\" target=\"_blank\" rel=\"noreferrer noopener\">https:\/\/www.letelegramme.fr\/finistere\/plougonvelin\/info-le-telegramme-ras-le-bol-le-maire-de-plougonvelin-demissionne-14-03-2022-12944397.php<\/a><\/p>\n\n\n\n<p>\u279c&nbsp;C&rsquo;est une d\u00e9cision importante car les enjeux autour de l&rsquo;eau concernent notre sant\u00e9, l&rsquo;environnement et la pr\u00e9servation de la ressource en quantit\u00e9 et en qualit\u00e9.<\/p>\n\n\n\n<p>\u279c&nbsp;Il y a actuellement des pesticides dans l&rsquo;eau potable. Les captages du Pays d&rsquo;Iroise ne sont pas tous prot\u00e9g\u00e9s. Et, une partie des 800 000 animaux d&rsquo;\u00e9levage du Pays d&rsquo;Iroise sont \u00e9lev\u00e9s par des pr\u00e9l\u00e8vements importants sur le r\u00e9seau d&rsquo;eau potable. Nous sommes actuellement oblig\u00e9s de financer des interconnexions tr\u00e8s co\u00fbteuses pour s\u00e9curiser le r\u00e9seau d&rsquo;eau potable en quantit\u00e9.<\/p>\n\n\n\n<p>\u279c&nbsp;M Gou\u00e9rec si\u00e9geait aux Conseils d&rsquo;Administration du Syndicat des Eaux du Bas L\u00e9on et de Eau Du Ponant. Nous allons donc choisir la personne qui va le remplacer dans ces instances.<\/p>\n\n\n\n<p>\u279c&nbsp;Une proposition de modification des statuts de la communaut\u00e9 de communes est soumise aux conseillers.<\/p>\n\n\n\n<p>\u279c&nbsp;Une convention pour rendre le phare de Kermorvan accessible au public sera examin\u00e9e.<\/p>\n\n\n\n<p>\u279c&nbsp;Une proposition de garantie d&#8217;emprunt pour le RAIL pour lui permettre de construire un local.<\/p>\n\n\n\n<p>\u279c&nbsp;Un projet de tarif de vente des composteurs sera soumis aux conseillers.<\/p>\n\n\n\n<p>\u279c&nbsp;Les march\u00e9s pour des petites extensions d&rsquo;assainissement collectif et de la zone de Kerdrioual seront attribu\u00e9s.<\/p>\n\n\n\n<p>\u279c&nbsp;L&rsquo;appel \u00e0 projet de l&rsquo;atlas de la biodiversit\u00e9 sera pr\u00e9sent\u00e9.<\/p>\n\n\n\n<p>\u279c&nbsp;La demande d&rsquo;\u00e9valuation environnementale et les modalit\u00e9s de concertation pour la modification N\u00b02 du PLU de Ploumoguer seront vot\u00e9es.<\/p>\n\n\n\n<blockquote class=\"wp-block-quote\"><p><strong>Si vous voulez pr\u00e9parer cette s\u00e9ance de conseil communautaire avec des citoyens et \u00e9lus de diff\u00e9rentes communes, vous \u00eates les\u00a0bienvenus(es).\u00a0Nous pr\u00e9parerons cette s\u00e9ance le mardi 10 mai \u00e0 18h30.<\/strong><\/p><p>Pour participer \u00e0 cette r\u00e9union de pr\u00e9paration du conseil, contactez-nous par messenger ou par mail \u00e0\u00a0<a rel=\"noreferrer noopener\" href=\"mailto:contact@citoyens-iroise.bzh\" target=\"_blank\">contact@citoyens-iroise.bzh<\/a>.<\/p><\/blockquote>\n","protected":false},"excerpt":{"rendered":"<p>PROCHAIN CONSEIL COMMUNAUTAIRE, LE 11 MAI 2022 A 18 H A LANRIVOARE Les s\u00e9ances du conseil communautaire sont publiques. Elles \u00e9taient retransmises par vid\u00e9o jusqu&rsquo;au mois de d\u00e9cembre 2021. Le pr\u00e9sident a d\u00e9cid\u00e9 d&rsquo;arr\u00eater&#46;&#46;&#46;<\/p>\n","protected":false},"author":2,"featured_media":0,"parent":0,"menu_order":0,"comment_status":"closed","ping_status":"closed","template":"","meta":[],"_links":{"self":[{"href":"https:\/\/citoyens-iroise.bzh\/index.php?rest_route=\/wp\/v2\/pages\/67"}],"collection":[{"href":"https:\/\/citoyens-iroise.bzh\/index.php?rest_route=\/wp\/v2\/pages"}],"about":[{"href":"https:\/\/citoyens-iroise.bzh\/index.php?rest_route=\/wp\/v2\/types\/page"}],"author":[{"embeddable":true,"href":"https:\/\/citoyens-iroise.bzh\/index.php?rest_route=\/wp\/v2\/users\/2"}],"replies":[{"embeddable":true,"href":"https:\/\/citoyens-iroise.bzh\/index.php?rest_route=%2Fwp%2Fv2%2Fcomments&post=67"}],"version-history":[{"count":4,"href":"https:\/\/citoyens-iroise.bzh\/index.php?rest_route=\/wp\/v2\/pages\/67\/revisions"}],"predecessor-version":[{"id":474,"href":"https:\/\/citoyens-iroise.bzh\/index.php?rest_route=\/wp\/v2\/pages\/67\/revisions\/474"}],"wp:attachment":[{"href":"https:\/\/citoyens-iroise.bzh\/index.php?rest_route=%2Fwp%2Fv2%2Fmedia&parent=67"}],"curies":[{"name":"wp","href":"https:\/\/api.w.org\/{rel}","templated":true}]}}