{"id":63,"date":"2021-12-07T23:31:26","date_gmt":"2021-12-07T22:31:26","guid":{"rendered":"http:\/\/citoyens-iroise.bzh\/?page_id=63"},"modified":"2022-01-11T09:52:27","modified_gmt":"2022-01-11T08:52:27","slug":"territoire-et-competences","status":"publish","type":"page","link":"https:\/\/citoyens-iroise.bzh\/?page_id=63","title":{"rendered":"Territoire et comp\u00e9tences"},"content":{"rendered":"\n<p><strong>La Communaut\u00e9 de Communes du Pays d\u2019Iroise (CCPI), ou Pays d\u2019Iroise Communaut\u00e9<\/strong><\/p>\n\n\n\n<p>Notre Pays d\u2019Iroise, entre Terre et Mer, est proche de la m\u00e9tropole Brestoise. Il est dot\u00e9 d\u2019un patrimoine naturel, culturel et humain qu\u2019il est urgent de prot\u00e9ger si nous voulons le transmettre aux g\u00e9n\u00e9rations futures. La CCPI regroupe 19 communes. Elle est l\u2019\u00e9chelon o\u00f9 sont d\u00e9cid\u00e9es et mises en \u0153uvre les principales politiques territoriales des communes qui la composent, cens\u00e9es garantir l\u2019\u00e9quit\u00e9 et la solidarit\u00e9 entre les citoyens et la protection du territoire. Un \u00e9chelon majeur o\u00f9 la d\u00e9mocratie doit s\u2019exercer pour favoriser la coop\u00e9ration, le partage, la mutualisation, l\u2019innovation et l\u2019exp\u00e9rimentation, pour le bien de tous. La communaut\u00e9 de communes est un EPCI (Etablissement Public de Coop\u00e9ration Intercommunale) \u00e0 fiscalit\u00e9 propre, cr\u00e9\u00e9 par la loi du 6 f\u00e9vrier 1992, qui associe des communes en vue d\u2019\u00e9laborer un projet commun de d\u00e9veloppement et d\u2019am\u00e9nagement de l\u2019espace.<\/p>\n\n\n\n<figure class=\"wp-block-image size-large\"><img loading=\"lazy\" width=\"1024\" height=\"723\" src=\"https:\/\/citoyens-iroise.bzh\/wp-content\/uploads\/2022\/01\/pays_situation_iroise.jpg\" alt=\"\" class=\"wp-image-147\" srcset=\"https:\/\/citoyens-iroise.bzh\/wp-content\/uploads\/2022\/01\/pays_situation_iroise.jpg 1024w, https:\/\/citoyens-iroise.bzh\/wp-content\/uploads\/2022\/01\/pays_situation_iroise-300x212.jpg 300w, https:\/\/citoyens-iroise.bzh\/wp-content\/uploads\/2022\/01\/pays_situation_iroise-768x542.jpg 768w\" sizes=\"(max-width: 1024px) 100vw, 1024px\" \/><\/figure>\n\n\n\n<figure class=\"wp-block-image size-large\"><img loading=\"lazy\" width=\"1024\" height=\"723\" src=\"https:\/\/citoyens-iroise.bzh\/wp-content\/uploads\/2022\/01\/pays_com_pop_iroise.jpg\" alt=\"\" class=\"wp-image-148\" srcset=\"https:\/\/citoyens-iroise.bzh\/wp-content\/uploads\/2022\/01\/pays_com_pop_iroise.jpg 1024w, https:\/\/citoyens-iroise.bzh\/wp-content\/uploads\/2022\/01\/pays_com_pop_iroise-300x212.jpg 300w, https:\/\/citoyens-iroise.bzh\/wp-content\/uploads\/2022\/01\/pays_com_pop_iroise-768x542.jpg 768w\" sizes=\"(max-width: 1024px) 100vw, 1024px\" \/><\/figure>\n\n\n\n<p>Elle exerce, aux lieux et places des communes membres, des comp\u00e9tences obligatoires et des comp\u00e9tences optionnelles, ainsi que des comp\u00e9tences suppl\u00e9mentaires que les communes lui transf\u00e8rent.<\/p>\n\n\n\n<p><strong>Comp\u00e9tences obligatoires<\/strong> : Les comp\u00e9tences transf\u00e9r\u00e9es au titre des comp\u00e9tences obligatoires ou optionnelles doivent correspondre aux groupes \u00e9num\u00e9r\u00e9s par la loi. La communaut\u00e9 de communes exerce de plein droit au lieu et place des communes membres les comp\u00e9tences dans les domaines suivants :<\/p>\n\n\n\n<ul><li>am\u00e9nagement de l&rsquo;espace pour la conduite d&rsquo;actions d&rsquo;int\u00e9r\u00eat communautaire<\/li><li>actions de d\u00e9veloppement \u00e9conomique ;<\/li><li>gestion des milieux aquatiques et pr\u00e9vention des inondations ;<\/li><li>cr\u00e9ation, am\u00e9nagement, entretien et gestion des aires d&rsquo;accueil des gens du voyage et des terrains familiaux ;<\/li><li>collecte et traitement des d\u00e9chets des m\u00e9nages et d\u00e9chets assimil\u00e9s ;<\/li><li>assainissement des eaux us\u00e9es ;<\/li><li>eau.<\/li><\/ul>\n\n\n\n<p><strong>Comp\u00e9tences optionnelles<\/strong> : La communaut\u00e9 de communes peut par ailleurs exercer, en lieu et place des communes, pour la conduite d&rsquo;actions d&rsquo;int\u00e9r\u00eat communautaire, les comp\u00e9tences dans les domaines suivants :<\/p>\n\n\n\n<ul><li>protection et mise en valeur de l&rsquo;environnement, soutien aux actions de ma\u00eetrise de la demande d&rsquo;\u00e9nergie ;<\/li><li>politique du logement et du cadre de vie ;<\/li><li>cr\u00e9ation, am\u00e9nagement et entretien de la voirie ;<\/li><li>construction, entretien et fonctionnement d&rsquo;\u00e9quipements culturels et sportifs d&rsquo;int\u00e9r\u00eat communautaire et d&rsquo;\u00e9quipements de l&rsquo;enseignement pr\u00e9\u00e9l\u00e9mentaire et \u00e9l\u00e9mentaire d&rsquo;int\u00e9r\u00eat communautaire ;<\/li><li>action sociale d&rsquo;int\u00e9r\u00eat communautaire ;<\/li><li>cr\u00e9ation et gestion de maisons de services au public.<\/li><\/ul>\n\n\n\n<p>Pour tout savoir sur les Communaut\u00e9s de communes : <a rel=\"noreferrer noopener\" href=\"https:\/\/www.vie-publique.fr\/fiches\/20125-quest-ce-quune-communaute-de-communes\" target=\"_blank\">https:\/\/www.vie-publique.fr\/fiches\/20125-quest-ce-quune-communaute-de-communes<\/a><\/p>\n\n\n\n<p>La CCPI fait elle-m\u00eame partie du <a href=\"https:\/\/citoyens-iroise.bzh\/?page_id=153\" data-type=\"page\" data-id=\"153\">P\u00f4le m\u00e9tropolitain du Pays de Brest<\/a>.<\/p>\n\n\n\n<p><\/p>\n","protected":false},"excerpt":{"rendered":"<p>La Communaut\u00e9 de Communes du Pays d\u2019Iroise (CCPI), ou Pays d\u2019Iroise Communaut\u00e9 Notre Pays d\u2019Iroise, entre Terre et Mer, est proche de la m\u00e9tropole Brestoise. Il est dot\u00e9 d\u2019un patrimoine naturel, culturel et humain&#46;&#46;&#46;<\/p>\n","protected":false},"author":2,"featured_media":0,"parent":0,"menu_order":0,"comment_status":"closed","ping_status":"closed","template":"","meta":[],"_links":{"self":[{"href":"https:\/\/citoyens-iroise.bzh\/index.php?rest_route=\/wp\/v2\/pages\/63"}],"collection":[{"href":"https:\/\/citoyens-iroise.bzh\/index.php?rest_route=\/wp\/v2\/pages"}],"about":[{"href":"https:\/\/citoyens-iroise.bzh\/index.php?rest_route=\/wp\/v2\/types\/page"}],"author":[{"embeddable":true,"href":"https:\/\/citoyens-iroise.bzh\/index.php?rest_route=\/wp\/v2\/users\/2"}],"replies":[{"embeddable":true,"href":"https:\/\/citoyens-iroise.bzh\/index.php?rest_route=%2Fwp%2Fv2%2Fcomments&post=63"}],"version-history":[{"count":4,"href":"https:\/\/citoyens-iroise.bzh\/index.php?rest_route=\/wp\/v2\/pages\/63\/revisions"}],"predecessor-version":[{"id":158,"href":"https:\/\/citoyens-iroise.bzh\/index.php?rest_route=\/wp\/v2\/pages\/63\/revisions\/158"}],"wp:attachment":[{"href":"https:\/\/citoyens-iroise.bzh\/index.php?rest_route=%2Fwp%2Fv2%2Fmedia&parent=63"}],"curies":[{"name":"wp","href":"https:\/\/api.w.org\/{rel}","templated":true}]}}